{"id":38,"date":"2023-03-01T14:43:42","date_gmt":"2023-03-01T13:43:42","guid":{"rendered":"https:\/\/susana-azquinezer.ovh\/?page_id=38"},"modified":"2023-05-04T09:51:32","modified_gmt":"2023-05-04T07:51:32","slug":"page-1","status":"publish","type":"page","link":"https:\/\/susana-azquinezer.ovh\/","title":{"rendered":"accueil"},"content":{"rendered":"\t\t<div data-elementor-type=\"wp-page\" data-elementor-id=\"38\" class=\"elementor elementor-38\">\n\t\t\t\t\t\t<section class=\"elementor-section elementor-top-section elementor-element elementor-element-55cbbe0 elementor-section-height-min-height elementor-section-boxed elementor-section-height-default elementor-section-items-middle\" data-id=\"55cbbe0\" data-element_type=\"section\" data-e-type=\"section\">\n\t\t\t\t\t\t<div class=\"elementor-container elementor-column-gap-default\">\n\t\t\t\t\t<div class=\"elementor-column elementor-col-33 elementor-top-column elementor-element elementor-element-50fc208\" data-id=\"50fc208\" data-element_type=\"column\" data-e-type=\"column\">\n\t\t\t<div class=\"elementor-widget-wrap elementor-element-populated\">\n\t\t\t\t\t\t<div class=\"elementor-element elementor-element-a6d8646 elementor-widget elementor-widget-image\" data-id=\"a6d8646\" data-element_type=\"widget\" data-e-type=\"widget\" data-widget_type=\"image.default\">\n\t\t\t\t<div class=\"elementor-widget-container\">\n\t\t\t\t\t\t\t\t\t\t\t\t<figure class=\"wp-caption\">\n\t\t\t\t\t\t\t\t\t\t<img fetchpriority=\"high\" decoding=\"async\" width=\"960\" height=\"639\" src=\"https:\/\/susana-azquinezer.ovh\/wp-content\/uploads\/2023\/03\/photoClaireDegans0088redc-3.jpg\" class=\"attachment-large size-large wp-image-87\" alt=\"\" srcset=\"https:\/\/susana-azquinezer.ovh\/wp-content\/uploads\/2023\/03\/photoClaireDegans0088redc-3.jpg 1000w, https:\/\/susana-azquinezer.ovh\/wp-content\/uploads\/2023\/03\/photoClaireDegans0088redc-3-300x200.jpg 300w, https:\/\/susana-azquinezer.ovh\/wp-content\/uploads\/2023\/03\/photoClaireDegans0088redc-3-768x511.jpg 768w, https:\/\/susana-azquinezer.ovh\/wp-content\/uploads\/2023\/03\/photoClaireDegans0088redc-3-624x416.jpg 624w\" sizes=\"(max-width: 960px) 100vw, 960px\" \/>\t\t\t\t\t\t\t\t\t\t\t<figcaption class=\"widget-image-caption wp-caption-text\">photo : Claire Degans<\/figcaption>\n\t\t\t\t\t\t\t\t\t\t<\/figure>\n\t\t\t\t\t\t\t\t\t<\/div>\n\t\t\t\t<\/div>\n\t\t\t\t\t<\/div>\n\t\t<\/div>\n\t\t\t\t<div class=\"elementor-column elementor-col-66 elementor-top-column elementor-element elementor-element-e4339a1\" data-id=\"e4339a1\" data-element_type=\"column\" data-e-type=\"column\">\n\t\t\t<div class=\"elementor-widget-wrap elementor-element-populated\">\n\t\t\t\t\t\t<div class=\"elementor-element elementor-element-8e4c593 elementor-widget elementor-widget-text-editor\" data-id=\"8e4c593\" data-element_type=\"widget\" data-e-type=\"widget\" data-widget_type=\"text-editor.default\">\n\t\t\t\t<div class=\"elementor-widget-container\">\n\t\t\t\t\t\t\t\t\t<p style=\"text-align: left;\">Depuis plus de vingt ans, elle conte des r\u00e9cits d&rsquo;une po\u00e9sie et d&rsquo;un humour rares. La vivacit\u00e9 et la profondeur de sa sensibilit\u00e9 passent dans une voix parl\u00e9e et chant\u00e9e et un \u00ab\u00a0jeu de mains\u00a0\u00bb d&rsquo;une musicalit\u00e9 accomplie.<\/p><p>Ainsi cr\u00e9e-t-elle un monde o\u00f9 se m\u00ealent et s&rsquo;exaltent le familier, le mythique, le l\u00e9gendaire et le comique, un monde plus vrai que le vrai, qui n&rsquo;a pas fini de faire r\u00eaver, rire et m\u00eame&#8230; r\u00e9fl\u00e9chir.<\/p><p style=\"text-align: left;\">Argentine, fran\u00e7aise et juive ; militante de l&rsquo;humain, c&rsquo;est par la g\u00e9n\u00e9rosit\u00e9 de sa voix charg\u00e9e d&rsquo;odeurs, de parfums, de fruits qu&rsquo;elle nous fait partager sa richesse et nous donne \u00e0 voir des mondes lointains qui nous habitent.<\/p><p style=\"text-align: right;\"><a href=\"https:\/\/susana-azquinezer.ovh\/index.php\/inicial\/\"><span style=\"color: #a9650a;\">en espa\u00f1ol<\/span><\/a><\/p>\t\t\t\t\t\t\t\t<\/div>\n\t\t\t\t<\/div>\n\t\t\t\t\t<\/div>\n\t\t<\/div>\n\t\t\t\t\t<\/div>\n\t\t<\/section>\n\t\t\t\t<\/div>\n\t\t","protected":false},"excerpt":{"rendered":"<p>photo : Claire Degans Depuis plus de vingt ans, elle conte des r\u00e9cits d&rsquo;une po\u00e9sie et d&rsquo;un humour rares. La vivacit\u00e9 et la profondeur de sa sensibilit\u00e9 passent dans une voix parl\u00e9e et chant\u00e9e et un \u00ab\u00a0jeu de mains\u00a0\u00bb d&rsquo;une musicalit\u00e9 accomplie. Ainsi cr\u00e9e-t-elle un monde o\u00f9 se m\u00ealent et s&rsquo;exaltent le familier, le mythique, [&hellip;]<\/p>\n","protected":false},"author":1,"featured_media":0,"parent":0,"menu_order":0,"comment_status":"closed","ping_status":"closed","template":"","meta":{"footnotes":""},"class_list":["post-38","page","type-page","status-publish","hentry"],"_links":{"self":[{"href":"https:\/\/susana-azquinezer.ovh\/index.php\/wp-json\/wp\/v2\/pages\/38","targetHints":{"allow":["GET"]}}],"collection":[{"href":"https:\/\/susana-azquinezer.ovh\/index.php\/wp-json\/wp\/v2\/pages"}],"about":[{"href":"https:\/\/susana-azquinezer.ovh\/index.php\/wp-json\/wp\/v2\/types\/page"}],"author":[{"embeddable":true,"href":"https:\/\/susana-azquinezer.ovh\/index.php\/wp-json\/wp\/v2\/users\/1"}],"replies":[{"embeddable":true,"href":"https:\/\/susana-azquinezer.ovh\/index.php\/wp-json\/wp\/v2\/comments?post=38"}],"version-history":[{"count":69,"href":"https:\/\/susana-azquinezer.ovh\/index.php\/wp-json\/wp\/v2\/pages\/38\/revisions"}],"predecessor-version":[{"id":1415,"href":"https:\/\/susana-azquinezer.ovh\/index.php\/wp-json\/wp\/v2\/pages\/38\/revisions\/1415"}],"wp:attachment":[{"href":"https:\/\/susana-azquinezer.ovh\/index.php\/wp-json\/wp\/v2\/media?parent=38"}],"curies":[{"name":"wp","href":"https:\/\/api.w.org\/{rel}","templated":true}]}}